{"id":765,"date":"2024-12-26T14:38:17","date_gmt":"2024-12-26T13:38:17","guid":{"rendered":"https:\/\/einblick-elke.com\/?page_id=765"},"modified":"2025-12-19T10:28:38","modified_gmt":"2025-12-19T09:28:38","slug":"impressum-dsgvo","status":"publish","type":"page","link":"https:\/\/einblick-elke.com\/?page_id=765","title":{"rendered":"Impressum \/ DSGVO"},"content":{"rendered":"<p>[et_pb_section fb_built=&#8220;1&#8243; _builder_version=&#8220;4.27.4&#8243; _module_preset=&#8220;default&#8220; background_color=&#8220;#E4B446&#8243; background_image=&#8220;https:\/\/einblick-elke.com\/wp-content\/uploads\/2024\/12\/Schlaflos2.png&#8220; background_position=&#8220;center_right&#8220; da_disable_devices=&#8220;off|off|off&#8220; global_colors_info=&#8220;{}&#8220; da_is_popup=&#8220;off&#8220; da_exit_intent=&#8220;off&#8220; da_has_close=&#8220;on&#8220; da_alt_close=&#8220;off&#8220; da_dark_close=&#8220;off&#8220; da_not_modal=&#8220;on&#8220; da_is_singular=&#8220;off&#8220; da_with_loader=&#8220;off&#8220; da_has_shadow=&#8220;on&#8220;][et_pb_row column_structure=&#8220;1_4,3_4&#8243; make_equal=&#8220;on&#8220; _builder_version=&#8220;4.27.4&#8243; _module_preset=&#8220;default&#8220; width=&#8220;100%&#8220; width_tablet=&#8220;100%&#8220; width_phone=&#8220;100%&#8220; width_last_edited=&#8220;on|desktop&#8220; max_width=&#8220;80%&#8220; max_width_tablet=&#8220;80%&#8220; max_width_phone=&#8220;80%&#8220; max_width_last_edited=&#8220;on|desktop&#8220; global_colors_info=&#8220;{}&#8220;][et_pb_column type=&#8220;1_4&#8243; _builder_version=&#8220;4.27.4&#8243; _module_preset=&#8220;default&#8220; global_colors_info=&#8220;{}&#8220;][et_pb_button button_url=&#8220;https:\/\/ngev.org\/#blog&#8220; button_text=&#8220;zur\u00fcck&#8220; module_id=&#8220;pa-back-button&#8220; _builder_version=&#8220;4.27.4&#8243; _module_preset=&#8220;default&#8220; custom_button=&#8220;on&#8220; button_text_size=&#8220;16px&#8220; button_text_color=&#8220;#141150&#8243; button_bg_color=&#8220;#E4B446&#8243; button_border_width=&#8220;2px&#8220; button_border_color=&#8220;#141150&#8243; button_border_radius=&#8220;10px&#8220; button_font=&#8220;|600|||||||&#8220; button_icon=&#8220;&#xe03b;||divi||400&#8243; button_icon_placement=&#8220;left&#8220; button_on_hover=&#8220;off&#8220; custom_margin=&#8220;5px|||45px|false|false&#8220; button_border_radius_tablet=&#8220;10px&#8220; button_border_radius_phone=&#8220;10px&#8220; button_border_radius_last_edited=&#8220;on|desktop&#8220; box_shadow_style=&#8220;preset2&#8243; locked=&#8220;off&#8220; global_colors_info=&#8220;{}&#8220;][\/et_pb_button][\/et_pb_column][et_pb_column type=&#8220;3_4&#8243; _builder_version=&#8220;4.27.4&#8243; _module_preset=&#8220;default&#8220; global_colors_info=&#8220;{}&#8220;][\/et_pb_column][\/et_pb_row][et_pb_row column_structure=&#8220;1_2,1_2&#8243; make_equal=&#8220;on&#8220; _builder_version=&#8220;4.27.4&#8243; _module_preset=&#8220;default&#8220; width=&#8220;100%&#8220; width_tablet=&#8220;100%&#8220; width_phone=&#8220;100%&#8220; width_last_edited=&#8220;on|desktop&#8220; max_width=&#8220;80%&#8220; max_width_tablet=&#8220;80%&#8220; max_width_phone=&#8220;80%&#8220; max_width_last_edited=&#8220;on|desktop&#8220; global_colors_info=&#8220;{}&#8220;][et_pb_column type=&#8220;1_2&#8243; _builder_version=&#8220;4.27.4&#8243; _module_preset=&#8220;default&#8220; custom_padding=&#8220;|||1.25em|false|false&#8220; custom_padding_tablet=&#8220;|||1.25em|false|false&#8220; custom_padding_phone=&#8220;|||1.25em|false|false&#8220; custom_padding_last_edited=&#8220;on|desktop&#8220; border_width_left=&#8220;2px&#8220; border_width_left_tablet=&#8220;2px&#8220; border_width_left_phone=&#8220;2px&#8220; border_width_left_last_edited=&#8220;on|desktop&#8220; global_colors_info=&#8220;{}&#8220;][et_pb_text _builder_version=&#8220;4.27.4&#8243; _module_preset=&#8220;default&#8220; header_2_font=&#8220;&#8211;et_global_heading_font|300|||||||&#8220; header_2_text_align=&#8220;left&#8220; header_2_text_color=&#8220;#141150&#8243; header_2_font_size=&#8220;2.4em&#8220; header_2_letter_spacing=&#8220;0.06em&#8220; header_2_line_height=&#8220;1.1em&#8220; header_2_font_size_tablet=&#8220;1.25em&#8220; header_2_font_size_phone=&#8220;2.2em&#8220; header_2_font_size_last_edited=&#8220;on|phone&#8220; header_2_letter_spacing_tablet=&#8220;0.06em&#8220; header_2_letter_spacing_phone=&#8220;0.06em&#8220; header_2_letter_spacing_last_edited=&#8220;on|desktop&#8220; header_2_line_height_tablet=&#8220;1.1em&#8220; header_2_line_height_phone=&#8220;1.1em&#8220; header_2_line_height_last_edited=&#8220;on|desktop&#8220; locked=&#8220;off&#8220; global_colors_info=&#8220;{}&#8220;]<\/p>\n<h2>Impressum<\/h2>\n<p>[\/et_pb_text][et_pb_text _builder_version=&#8220;4.27.4&#8243; _module_preset=&#8220;default&#8220; text_font=&#8220;&#8211;et_global_heading_font|300|||||||&#8220; text_text_color=&#8220;#141150&#8243; text_font_size=&#8220;1.25em&#8220; text_letter_spacing=&#8220;0.06em&#8220; text_line_height=&#8220;1.25em&#8220; header_2_font=&#8220;&#8211;et_global_heading_font|300||on|||||&#8220; header_2_text_align=&#8220;left&#8220; header_2_text_color=&#8220;#141150&#8243; header_2_font_size=&#8220;1.5em&#8220; header_2_letter_spacing=&#8220;0.06em&#8220; header_2_line_height=&#8220;1.1em&#8220; custom_margin=&#8220;|6em|||false|false&#8220; custom_margin_tablet=&#8220;|15.8em||3.75em|false|false&#8220; custom_margin_phone=&#8220;|0.07em||0.07em|false|false&#8220; custom_margin_last_edited=&#8220;on|phone&#8220; text_font_size_tablet=&#8220;1.25em&#8220; text_font_size_phone=&#8220;1.25em&#8220; text_font_size_last_edited=&#8220;on|desktop&#8220; text_letter_spacing_tablet=&#8220;0.06em&#8220; text_letter_spacing_phone=&#8220;0.06em&#8220; text_letter_spacing_last_edited=&#8220;on|desktop&#8220; text_line_height_tablet=&#8220;1.25em&#8220; text_line_height_phone=&#8220;1.25em&#8220; text_line_height_last_edited=&#8220;on|desktop&#8220; header_2_font_size_tablet=&#8220;1.25em&#8220; header_2_font_size_phone=&#8220;2.2em&#8220; header_2_font_size_last_edited=&#8220;on|phone&#8220; header_2_letter_spacing_tablet=&#8220;0.06em&#8220; header_2_letter_spacing_phone=&#8220;0.06em&#8220; header_2_letter_spacing_last_edited=&#8220;on|desktop&#8220; header_2_line_height_tablet=&#8220;1.1em&#8220; header_2_line_height_phone=&#8220;1.1em&#8220; header_2_line_height_last_edited=&#8220;on|desktop&#8220; locked=&#8220;off&#8220; global_colors_info=&#8220;{}&#8220;]<\/p>\n<h2><span style=\"text-decoration: underline;\">Einblick-Elke.com<\/span><\/h2>\n<p><span style=\"text-decoration: underline;\"><em>Kontakt:<\/em><\/span><br \/>Elke Buschle<br \/>Albert-Schweitzer-Str. 2<br \/>78570 M\u00fchlheim an der Donau<br \/>+49 (0)174 902 2311 | sternenklar@yahoo.de<\/p>\n<p><span style=\"text-decoration: underline;\"><em>Gerichtsstand:<\/em><\/span><br \/>78532 Tuttlingen<\/p>\n<p><span style=\"text-decoration: underline;\"><em>Steuernummer:<\/em><\/span><br \/>21224\/10086<\/p>\n<p><span style=\"text-decoration: underline;\"><em>Streitschlichtung<\/em><\/span><br \/>Es gibt ein EU Schlichtungsverfahren. Wir nehmen nicht daran teil. Wenn sie sich beschweren wollen, dann wenden sie sich bitte direkt an mich oder an RA Dr. A. Oberhauser N\u00fcrnberg.<\/p>\n<p><span style=\"text-decoration: underline;\"><em>Haftung f\u00fcr Links<\/em><\/span><br \/>Unser Angebot enth\u00e4lt Links zu externen Websites Dritter, auf deren Inhalte wir keinen Einfluss haben. Deshalb k\u00f6nnen wir f\u00fcr diese fremden Inhalte auch keine Gew\u00e4hr \u00fcbernehmen. F\u00fcr die Inhalte der verlinkten Seiten ist stets der jeweilige Anbieter oder Betreiber der Seiten verantwortlich. Die verlinkten Seiten wurden zum Zeitpunkt der Verlinkung auf m\u00f6gliche Rechtsverst\u00f6\u00dfe \u00fcberpr\u00fcft.<br \/>Rechtswidrige Inhalte waren zum Zeitpunkt der Verlinkung nicht erkennbar.<\/p>\n<p>Eine permanente inhaltliche Kontrolle der verlinkten Seiten ist jedoch ohne konkrete Anhaltspunkte einer Rechtsverletzung nicht zumutbar. Bei Bekanntwerden von Rechtsverletzungen werden wir derartige Links umgehend entfernen.<\/p>\n<p><span style=\"text-decoration: underline;\"><em>Urheberrecht<\/em><\/span><br \/>Die durch die Seitenbetreiber erstellten Inhalte und Werke auf diesen Seiten unterliegen dem deutschen Urheberrecht. Die Vervielf\u00e4ltigung, Bearbeitung, Verbreitung und jede Art der Verwertung au\u00dferhalb der Grenzen des Urheberrechtes bed\u00fcrfen der schriftlichen Zustimmung des jeweiligen Autors bzw. Erstellers. Downloads und Kopien dieser Seite sind nur f\u00fcr den privaten, nicht kommerziellen Gebrauch gestattet.<\/p>\n<p>Soweit die Inhalte auf dieser Seite nicht vom Betreiber erstellt wurden, werden die Urheberrechte Dritter beachtet. Insbesondere werden Inhalte Dritter als solche gekennzeichnet. Sollten Sie trotzdem auf eine Urheberrechtsverletzung aufmerksam werden, bitten wir um einen entsprechenden Hinweis. Bei Bekanntwerden von Rechtsverletzungen werden wir derartige Inhalte umgehend entfernen.<\/p>\n<p>&nbsp;<\/p>\n<p>[\/et_pb_text][\/et_pb_column][et_pb_column type=&#8220;1_2&#8243; _builder_version=&#8220;4.27.4&#8243; _module_preset=&#8220;default&#8220; custom_padding=&#8220;|||1.25em|false|false&#8220; custom_padding_tablet=&#8220;|||1.25em|false|false&#8220; custom_padding_phone=&#8220;|||1.25em|false|false&#8220; custom_padding_last_edited=&#8220;on|desktop&#8220; border_width_left=&#8220;2px&#8220; border_width_left_tablet=&#8220;2px&#8220; border_width_left_phone=&#8220;2px&#8220; border_width_left_last_edited=&#8220;on|desktop&#8220; global_colors_info=&#8220;{}&#8220;][et_pb_text _builder_version=&#8220;4.27.4&#8243; _module_preset=&#8220;default&#8220; header_2_font=&#8220;&#8211;et_global_heading_font|300|||||||&#8220; header_2_text_align=&#8220;left&#8220; header_2_text_color=&#8220;#141150&#8243; header_2_font_size=&#8220;2.4em&#8220; header_2_letter_spacing=&#8220;0.06em&#8220; header_2_line_height=&#8220;1.1em&#8220; custom_margin_tablet=&#8220;|15.8em||3.75em|false|false&#8220; custom_margin_phone=&#8220;2.5em|0.07em||0.07em|false|false&#8220; custom_margin_last_edited=&#8220;off|desktop&#8220; header_2_font_size_tablet=&#8220;1.25em&#8220; header_2_font_size_phone=&#8220;2.2em&#8220; header_2_font_size_last_edited=&#8220;on|phone&#8220; header_2_letter_spacing_tablet=&#8220;0.06em&#8220; header_2_letter_spacing_phone=&#8220;0.06em&#8220; header_2_letter_spacing_last_edited=&#8220;on|desktop&#8220; header_2_line_height_tablet=&#8220;1.1em&#8220; header_2_line_height_phone=&#8220;1.1em&#8220; header_2_line_height_last_edited=&#8220;on|desktop&#8220; locked=&#8220;off&#8220; global_colors_info=&#8220;{}&#8220;]<\/p>\n<h2>DSGVO <span style=\"color: #ff0000;\"><em><strong>Datenschutz-Grundverordnung<\/strong><\/em><\/span><\/h2>\n<p>[\/et_pb_text][et_pb_text _builder_version=&#8220;4.27.4&#8243; _module_preset=&#8220;default&#8220; text_font=&#8220;&#8211;et_global_heading_font|300|||||||&#8220; text_text_color=&#8220;#141150&#8243; text_font_size=&#8220;1.25em&#8220; text_letter_spacing=&#8220;0.06em&#8220; text_line_height=&#8220;1.25em&#8220; header_2_font=&#8220;&#8211;et_global_heading_font|300|||||||&#8220; header_2_text_align=&#8220;left&#8220; header_2_text_color=&#8220;#141150&#8243; header_2_font_size=&#8220;1.5em&#8220; header_2_letter_spacing=&#8220;0.06em&#8220; header_2_line_height=&#8220;1.1em&#8220; custom_margin=&#8220;|6em|||false|false&#8220; custom_margin_tablet=&#8220;|15.8em||3.75em|false|false&#8220; custom_margin_phone=&#8220;|0.07em||0.07em|false|false&#8220; custom_margin_last_edited=&#8220;on|phone&#8220; hover_enabled=&#8220;0&#8243; text_font_size_tablet=&#8220;1.25em&#8220; text_font_size_phone=&#8220;1.25em&#8220; text_font_size_last_edited=&#8220;on|desktop&#8220; text_letter_spacing_tablet=&#8220;0.06em&#8220; text_letter_spacing_phone=&#8220;0.06em&#8220; text_letter_spacing_last_edited=&#8220;on|desktop&#8220; text_line_height_tablet=&#8220;1.25em&#8220; text_line_height_phone=&#8220;1.25em&#8220; text_line_height_last_edited=&#8220;on|desktop&#8220; header_2_font_size_tablet=&#8220;1.25em&#8220; header_2_font_size_phone=&#8220;2.2em&#8220; header_2_font_size_last_edited=&#8220;on|phone&#8220; header_2_letter_spacing_tablet=&#8220;0.06em&#8220; header_2_letter_spacing_phone=&#8220;0.06em&#8220; header_2_letter_spacing_last_edited=&#8220;on|desktop&#8220; header_2_line_height_tablet=&#8220;1.1em&#8220; header_2_line_height_phone=&#8220;1.1em&#8220; header_2_line_height_last_edited=&#8220;on|desktop&#8220; locked=&#8220;off&#8220; global_colors_info=&#8220;{}&#8220; custom_padding=&#8220;||0px|||&#8220; sticky_enabled=&#8220;0&#8243;]<\/p>\n<p><span style=\"text-decoration: underline;\">Datenschutzerkl\u00e4rung<\/span><br \/>Verantwortlicher im Sinne der Datenschutz-Grundverordnung (DSGVO) ist: <em><strong>Einblick-Elke<\/strong><\/em><\/p>\n<p>Elke Buschle<br \/>Albert-Schweitzer-Str. 2<br \/>78570 M\u00fchlheim an der Donau<\/p>\n<p>+49 174 902 2311 | info.einblick@gmail.com<\/p>\n<p><span style=\"text-decoration: underline;\">Verarbeitung personenbezogener Daten<\/span><br \/>Wir erheben und verarbeiten personenbezogene Daten unserer Nutzer, soweit dies f\u00fcr die Bereitstellung unserer Website und unserer Leistungen erforderlich ist. Dies umfasst insbesondere:<br \/>&#8211; Name und Kontaktdaten (E-Mail, Telefon) bei Kontaktaufnahme<br \/>&#8211; IP-Adresse und Browserinformationen bei Seitenaufruf<br \/>&#8211; Zahlungsinformationen bei Kaufvorg\u00e4ngen<\/p>\n<p>Die Daten werden ausschlie\u00dflich zu den genannten Zwecken verwendet und nicht an Dritte weitergegeben, es sei denn, dies ist gesetzlich vorgeschrieben oder Sie haben dazu Ihre Einwilligung erteilt.<\/p>\n<p><span style=\"text-decoration: underline;\">Rechte der Betroffenen<\/span><br \/>Sie haben jederzeit das Recht auf Auskunft \u00fcber Ihre gespeicherten Daten, deren Herkunft und Empf\u00e4nger sowie den Zweck der Speicherung. Au\u00dferdem k\u00f6nnen Sie die Berichtigung, L\u00f6schung oder Sperrung Ihrer Daten verlangen. Daf\u00fcr wenden Sie sich bitte an unseren Datenschutzbeauftragten.<\/p>\n<p><span style=\"text-decoration: underline;\">Speicherdauer<\/span><br \/>Wir speichern Ihre personenbezogenen Daten nur so lange, wie es f\u00fcr den jeweiligen Zweck erforderlich ist. Sp\u00e4testens nach [Zeitraum] werden die Daten gel\u00f6scht, sofern gesetzliche Aufbewahrungspflichten dem nicht entgegenstehen.<\/p>\n<p><span style=\"text-decoration: underline;\">Datensicherheit<\/span><br \/>Wir treffen alle technischen und organisatorischen Ma\u00dfnahmen, um Ihre Daten vor unbefugtem Zugriff und Missbrauch zu sch\u00fctzen.<\/p>\n<p>Datenschutzhinweise zur Verwendung von Google Fonts<br \/>Unsere Website verwendet Google Fonts von Google LLC, 1600 Amphitheatre Parkway, Mountain View, CA 94043, USA (&#8222;Google&#8220;).<br \/>Die Einbindung der Google Fonts erfolgt \u00fcber einen Serveraufruf bei Google, wodurch Ihre IP-Adresse und Informationen \u00fcber Ihren Browsertyp an Google \u00fcbermittelt werden. Gem\u00e4\u00df den Datenschutzrichtlinien von Google werden diese Daten nur f\u00fcr den Zweck der Darstellung der Schriftarten auf unserer Website verwendet und nicht f\u00fcr andere Zwecke gespeichert.<\/p>\n<p>Weitere Informationen finden Sie in den Datenschutzbestimmungen von Google: <em><strong><span style=\"color: #ff0000;\"><a href=\"https:\/\/www.google.com\/policies\/privacy\/\" target=\"_blank\" rel=\"noopener\" style=\"color: #ff0000;\">https:\/\/www.google.com\/policies\/privacy\/<\/a><\/span><\/strong><\/em><\/p>\n<p>Bei Fragen zum Datenschutz wenden Sie sich bitte an:<\/p>\n<p><strong>Elke Buschle | +49 (0)174 902 2311| info.einblick@gmail.com<\/strong><\/p>\n<p>[\/et_pb_text][\/et_pb_column][\/et_pb_row][\/et_pb_section]<\/p>\n","protected":false},"excerpt":{"rendered":"<p>ImpressumEinblick-Elke.com Kontakt:Elke BuschleAlbert-Schweitzer-Str. 278570 M\u00fchlheim an der Donau+49 (0)174 902 2311 | sternenklar@yahoo.de Gerichtsstand:78532 Tuttlingen Steuernummer:21224\/10086 StreitschlichtungEs gibt ein EU Schlichtungsverfahren. Wir nehmen nicht daran teil. Wenn sie sich beschweren wollen, dann wenden sie sich bitte direkt an mich oder an RA Dr. A. Oberhauser N\u00fcrnberg. Haftung f\u00fcr LinksUnser Angebot enth\u00e4lt Links zu externen Websites Dritter, auf deren Inhalte wir keinen Einfluss haben. Deshalb k\u00f6nnen wir f\u00fcr diese fremden Inhalte auch keine Gew\u00e4hr \u00fcbernehmen. F\u00fcr die Inhalte der verlinkten Seiten ist stets der jeweilige Anbieter oder Betreiber der Seiten verantwortlich. Die verlinkten Seiten wurden zum Zeitpunkt der Verlinkung auf m\u00f6gliche Rechtsverst\u00f6\u00dfe \u00fcberpr\u00fcft.Rechtswidrige Inhalte waren zum Zeitpunkt der Verlinkung nicht erkennbar. Eine permanente inhaltliche Kontrolle der verlinkten Seiten ist jedoch ohne konkrete Anhaltspunkte einer Rechtsverletzung nicht zumutbar. Bei Bekanntwerden von Rechtsverletzungen werden wir derartige Links umgehend entfernen. UrheberrechtDie durch die Seitenbetreiber erstellten Inhalte und Werke auf diesen Seiten unterliegen dem deutschen Urheberrecht. Die Vervielf\u00e4ltigung, Bearbeitung, Verbreitung und jede Art der Verwertung au\u00dferhalb der Grenzen des Urheberrechtes bed\u00fcrfen der schriftlichen Zustimmung des jeweiligen Autors bzw. Erstellers. Downloads und Kopien dieser Seite sind nur f\u00fcr den privaten, nicht kommerziellen Gebrauch gestattet. Soweit die Inhalte auf dieser Seite nicht vom Betreiber erstellt wurden, werden [&hellip;]<\/p>\n","protected":false},"author":1,"featured_media":0,"parent":0,"menu_order":0,"comment_status":"closed","ping_status":"closed","template":"","meta":{"_et_pb_use_builder":"on","_et_pb_old_content":"","_et_gb_content_width":"","footnotes":""},"class_list":["post-765","page","type-page","status-publish","hentry"],"_links":{"self":[{"href":"https:\/\/einblick-elke.com\/index.php?rest_route=\/wp\/v2\/pages\/765","targetHints":{"allow":["GET"]}}],"collection":[{"href":"https:\/\/einblick-elke.com\/index.php?rest_route=\/wp\/v2\/pages"}],"about":[{"href":"https:\/\/einblick-elke.com\/index.php?rest_route=\/wp\/v2\/types\/page"}],"author":[{"embeddable":true,"href":"https:\/\/einblick-elke.com\/index.php?rest_route=\/wp\/v2\/users\/1"}],"replies":[{"embeddable":true,"href":"https:\/\/einblick-elke.com\/index.php?rest_route=%2Fwp%2Fv2%2Fcomments&post=765"}],"version-history":[{"count":10,"href":"https:\/\/einblick-elke.com\/index.php?rest_route=\/wp\/v2\/pages\/765\/revisions"}],"predecessor-version":[{"id":276416,"href":"https:\/\/einblick-elke.com\/index.php?rest_route=\/wp\/v2\/pages\/765\/revisions\/276416"}],"wp:attachment":[{"href":"https:\/\/einblick-elke.com\/index.php?rest_route=%2Fwp%2Fv2%2Fmedia&parent=765"}],"curies":[{"name":"wp","href":"https:\/\/api.w.org\/{rel}","templated":true}]}}