{"id":276296,"date":"2025-08-05T11:32:11","date_gmt":"2025-08-05T09:32:11","guid":{"rendered":"https:\/\/einblick-elke.com\/?page_id=276296"},"modified":"2025-08-05T11:32:11","modified_gmt":"2025-08-05T09:32:11","slug":"rechtlicher-hinweis","status":"publish","type":"page","link":"https:\/\/einblick-elke.com\/?page_id=276296","title":{"rendered":"Rechtlicher Hinweis"},"content":{"rendered":"<p>[et_pb_section fb_built=&#8220;1&#8243; _builder_version=&#8220;4.27.4&#8243; _module_preset=&#8220;default&#8220; background_color=&#8220;#E4B446&#8243; background_image=&#8220;https:\/\/einblick-elke.com\/wp-content\/uploads\/2024\/12\/Schlaflos2.png&#8220; background_position=&#8220;center_right&#8220; da_disable_devices=&#8220;off|off|off&#8220; global_colors_info=&#8220;{}&#8220; da_is_popup=&#8220;off&#8220; da_exit_intent=&#8220;off&#8220; da_has_close=&#8220;on&#8220; da_alt_close=&#8220;off&#8220; da_dark_close=&#8220;off&#8220; da_not_modal=&#8220;on&#8220; da_is_singular=&#8220;off&#8220; da_with_loader=&#8220;off&#8220; da_has_shadow=&#8220;on&#8220;][et_pb_row column_structure=&#8220;1_4,3_4&#8243; make_equal=&#8220;on&#8220; _builder_version=&#8220;4.27.4&#8243; _module_preset=&#8220;default&#8220; width=&#8220;100%&#8220; width_tablet=&#8220;100%&#8220; width_phone=&#8220;100%&#8220; width_last_edited=&#8220;on|desktop&#8220; max_width=&#8220;80%&#8220; max_width_tablet=&#8220;80%&#8220; max_width_phone=&#8220;80%&#8220; max_width_last_edited=&#8220;on|desktop&#8220; global_colors_info=&#8220;{}&#8220;][et_pb_column type=&#8220;1_4&#8243; _builder_version=&#8220;4.27.4&#8243; _module_preset=&#8220;default&#8220; global_colors_info=&#8220;{}&#8220;][et_pb_button button_url=&#8220;https:\/\/ngev.org\/#blog&#8220; button_text=&#8220;zur\u00fcck&#8220; module_id=&#8220;pa-back-button&#8220; _builder_version=&#8220;4.27.4&#8243; _module_preset=&#8220;default&#8220; custom_button=&#8220;on&#8220; button_text_size=&#8220;16px&#8220; button_text_color=&#8220;#141150&#8243; button_bg_color=&#8220;#E4B446&#8243; button_border_width=&#8220;2px&#8220; button_border_color=&#8220;#141150&#8243; button_border_radius=&#8220;10px&#8220; button_font=&#8220;|600|||||||&#8220; button_icon=&#8220;&#xe03b;||divi||400&#8243; button_icon_placement=&#8220;left&#8220; button_on_hover=&#8220;off&#8220; custom_margin=&#8220;5px|||45px|false|false&#8220; button_border_radius_tablet=&#8220;10px&#8220; button_border_radius_phone=&#8220;10px&#8220; button_border_radius_last_edited=&#8220;on|desktop&#8220; box_shadow_style=&#8220;preset2&#8243; locked=&#8220;off&#8220; global_colors_info=&#8220;{}&#8220;][\/et_pb_button][\/et_pb_column][et_pb_column type=&#8220;3_4&#8243; _builder_version=&#8220;4.27.4&#8243; _module_preset=&#8220;default&#8220; global_colors_info=&#8220;{}&#8220;][\/et_pb_column][\/et_pb_row][et_pb_row make_equal=&#8220;on&#8220; _builder_version=&#8220;4.27.4&#8243; _module_preset=&#8220;default&#8220; width=&#8220;100%&#8220; width_tablet=&#8220;100%&#8220; width_phone=&#8220;100%&#8220; width_last_edited=&#8220;on|desktop&#8220; max_width=&#8220;80%&#8220; max_width_tablet=&#8220;80%&#8220; max_width_phone=&#8220;80%&#8220; max_width_last_edited=&#8220;on|desktop&#8220; global_colors_info=&#8220;{}&#8220;][et_pb_column type=&#8220;4_4&#8243; _builder_version=&#8220;4.27.4&#8243; _module_preset=&#8220;default&#8220; custom_padding=&#8220;|||1.25em|false|false&#8220; custom_padding_tablet=&#8220;|||1.25em|false|false&#8220; custom_padding_phone=&#8220;|||1.25em|false|false&#8220; custom_padding_last_edited=&#8220;on|desktop&#8220; border_width_left=&#8220;2px&#8220; border_width_left_tablet=&#8220;2px&#8220; border_width_left_phone=&#8220;2px&#8220; border_width_left_last_edited=&#8220;on|desktop&#8220; global_colors_info=&#8220;{}&#8220;][et_pb_text _builder_version=&#8220;4.27.4&#8243; _module_preset=&#8220;default&#8220; header_2_font=&#8220;&#8211;et_global_heading_font|300|||||||&#8220; header_2_text_align=&#8220;left&#8220; header_2_text_color=&#8220;#141150&#8243; header_2_font_size=&#8220;2.4em&#8220; header_2_letter_spacing=&#8220;0.06em&#8220; header_2_line_height=&#8220;1.1em&#8220; hover_enabled=&#8220;0&#8243; header_2_font_size_tablet=&#8220;1.25em&#8220; header_2_font_size_phone=&#8220;2.2em&#8220; header_2_font_size_last_edited=&#8220;on|phone&#8220; header_2_letter_spacing_tablet=&#8220;0.06em&#8220; header_2_letter_spacing_phone=&#8220;0.06em&#8220; header_2_letter_spacing_last_edited=&#8220;on|desktop&#8220; header_2_line_height_tablet=&#8220;1.1em&#8220; header_2_line_height_phone=&#8220;1.1em&#8220; header_2_line_height_last_edited=&#8220;on|desktop&#8220; locked=&#8220;off&#8220; global_colors_info=&#8220;{}&#8220; sticky_enabled=&#8220;0&#8243;]<\/p>\n<h2>Rechtlicher Hinweis<\/h2>\n<p>[\/et_pb_text][et_pb_text _builder_version=&#8220;4.27.4&#8243; _module_preset=&#8220;default&#8220; text_font=&#8220;&#8211;et_global_heading_font|300|||||||&#8220; text_text_color=&#8220;#141150&#8243; text_font_size=&#8220;1.25em&#8220; text_letter_spacing=&#8220;0.06em&#8220; text_line_height=&#8220;1.25em&#8220; header_2_font=&#8220;&#8211;et_global_heading_font|300||on|||||&#8220; header_2_text_align=&#8220;left&#8220; header_2_text_color=&#8220;#141150&#8243; header_2_font_size=&#8220;1.5em&#8220; header_2_letter_spacing=&#8220;0.06em&#8220; header_2_line_height=&#8220;1.1em&#8220; custom_margin=&#8220;|6em|||false|false&#8220; custom_margin_tablet=&#8220;|15.8em||3.75em|false|false&#8220; custom_margin_phone=&#8220;|0.07em||0.07em|false|false&#8220; custom_margin_last_edited=&#8220;on|phone&#8220; hover_enabled=&#8220;0&#8243; text_font_size_tablet=&#8220;1.25em&#8220; text_font_size_phone=&#8220;1.25em&#8220; text_font_size_last_edited=&#8220;on|desktop&#8220; text_letter_spacing_tablet=&#8220;0.06em&#8220; text_letter_spacing_phone=&#8220;0.06em&#8220; text_letter_spacing_last_edited=&#8220;on|desktop&#8220; text_line_height_tablet=&#8220;1.25em&#8220; text_line_height_phone=&#8220;1.25em&#8220; text_line_height_last_edited=&#8220;on|desktop&#8220; header_2_font_size_tablet=&#8220;1.25em&#8220; header_2_font_size_phone=&#8220;2.2em&#8220; header_2_font_size_last_edited=&#8220;on|phone&#8220; header_2_letter_spacing_tablet=&#8220;0.06em&#8220; header_2_letter_spacing_phone=&#8220;0.06em&#8220; header_2_letter_spacing_last_edited=&#8220;on|desktop&#8220; header_2_line_height_tablet=&#8220;1.1em&#8220; header_2_line_height_phone=&#8220;1.1em&#8220; header_2_line_height_last_edited=&#8220;on|desktop&#8220; locked=&#8220;off&#8220; global_colors_info=&#8220;{}&#8220; sticky_enabled=&#8220;0&#8243;]<\/p>\n<p><span style=\"text-decoration: underline;\"><em><\/em><\/span><br \/>Meine Angebote ersetzen keine medizinische oder psychotherapeutische Behandlung.<br \/>Ich stelle keine Diagnosen und gebe keine Heilversprechen ab.<\/p>\n<p>Die von mir eingesetzten Methoden dienen der Aktivierung deiner eigenen Ressourcen und der F\u00f6rderung deines Wohlbefindens. Sie k\u00f6nnen unterst\u00fctzend wirken, sind jedoch kein Ersatz f\u00fcr \u00e4rztliche, therapeutische oder heilpraktische Behandlungen.<\/p>\n<p>Bitte konsultiere bei gesundheitlichen Beschwerden immer eine entsprechend ausgebildete Fachperson.<br \/>Alle beschriebenen Erfahrungen beruhen auf pers\u00f6nlichen R\u00fcckmeldungen meiner Klient:innen \u2013 sie stellen keine Erfolgsgarantie dar.<\/p>\n<p>[\/et_pb_text][\/et_pb_column][\/et_pb_row][\/et_pb_section]<\/p>\n","protected":false},"excerpt":{"rendered":"<p>Rechtlicher HinweisMeine Angebote ersetzen keine medizinische oder psychotherapeutische Behandlung.Ich stelle keine Diagnosen und gebe keine Heilversprechen ab. Die von mir eingesetzten Methoden dienen der Aktivierung deiner eigenen Ressourcen und der F\u00f6rderung deines Wohlbefindens. Sie k\u00f6nnen unterst\u00fctzend wirken, sind jedoch kein Ersatz f\u00fcr \u00e4rztliche, therapeutische oder heilpraktische Behandlungen. Bitte konsultiere bei gesundheitlichen Beschwerden immer eine entsprechend ausgebildete Fachperson.Alle beschriebenen Erfahrungen beruhen auf pers\u00f6nlichen R\u00fcckmeldungen meiner Klient:innen \u2013 sie stellen keine Erfolgsgarantie dar.<\/p>\n","protected":false},"author":2,"featured_media":0,"parent":0,"menu_order":0,"comment_status":"closed","ping_status":"closed","template":"","meta":{"_et_pb_use_builder":"on","_et_pb_old_content":"","_et_gb_content_width":"","footnotes":""},"class_list":["post-276296","page","type-page","status-publish","hentry"],"_links":{"self":[{"href":"https:\/\/einblick-elke.com\/index.php?rest_route=\/wp\/v2\/pages\/276296","targetHints":{"allow":["GET"]}}],"collection":[{"href":"https:\/\/einblick-elke.com\/index.php?rest_route=\/wp\/v2\/pages"}],"about":[{"href":"https:\/\/einblick-elke.com\/index.php?rest_route=\/wp\/v2\/types\/page"}],"author":[{"embeddable":true,"href":"https:\/\/einblick-elke.com\/index.php?rest_route=\/wp\/v2\/users\/2"}],"replies":[{"embeddable":true,"href":"https:\/\/einblick-elke.com\/index.php?rest_route=%2Fwp%2Fv2%2Fcomments&post=276296"}],"version-history":[{"count":2,"href":"https:\/\/einblick-elke.com\/index.php?rest_route=\/wp\/v2\/pages\/276296\/revisions"}],"predecessor-version":[{"id":276299,"href":"https:\/\/einblick-elke.com\/index.php?rest_route=\/wp\/v2\/pages\/276296\/revisions\/276299"}],"wp:attachment":[{"href":"https:\/\/einblick-elke.com\/index.php?rest_route=%2Fwp%2Fv2%2Fmedia&parent=276296"}],"curies":[{"name":"wp","href":"https:\/\/api.w.org\/{rel}","templated":true}]}}